{"id":134,"date":"2019-11-06T14:43:58","date_gmt":"2019-11-06T14:43:58","guid":{"rendered":"http:\/\/test3.benefit-finance.sk\/?page_id=134"},"modified":"2022-02-07T20:01:06","modified_gmt":"2022-02-07T20:01:06","slug":"nas-tim","status":"publish","type":"page","link":"https:\/\/benefit-finance.sk\/index.php\/nas-tim\/","title":{"rendered":"N\u00e1\u0161 t\u00edm"},"content":{"rendered":"\t\t<div data-elementor-type=\"wp-page\" data-elementor-id=\"134\" class=\"elementor elementor-134\" data-elementor-settings=\"[]\">\n\t\t\t\t\t\t<div class=\"elementor-inner\">\n\t\t\t\t\t\t\t<div class=\"elementor-section-wrap\">\n\t\t\t\t\t\t\t<section class=\"elementor-section elementor-top-section elementor-element elementor-element-21f2a65 elementor-section-boxed elementor-section-height-default elementor-section-height-default\" data-id=\"21f2a65\" data-element_type=\"section\">\n\t\t\t\t\t\t<div class=\"elementor-container elementor-column-gap-default\">\n\t\t\t\t\t\t\t<div class=\"elementor-row\">\n\t\t\t\t\t<div class=\"elementor-column elementor-col-100 elementor-top-column elementor-element elementor-element-9186d75\" data-id=\"9186d75\" data-element_type=\"column\">\n\t\t\t<div class=\"elementor-column-wrap elementor-element-populated\">\n\t\t\t\t\t\t\t<div class=\"elementor-widget-wrap\">\n\t\t\t\t\t\t<section class=\"elementor-section elementor-inner-section elementor-element elementor-element-9273844 elementor-section-boxed elementor-section-height-default elementor-section-height-default\" data-id=\"9273844\" data-element_type=\"section\">\n\t\t\t\t\t\t<div class=\"elementor-container elementor-column-gap-default\">\n\t\t\t\t\t\t\t<div class=\"elementor-row\">\n\t\t\t\t\t<div class=\"elementor-column elementor-col-50 elementor-inner-column elementor-element elementor-element-a7fd6fa\" data-id=\"a7fd6fa\" data-element_type=\"column\">\n\t\t\t<div class=\"elementor-column-wrap\">\n\t\t\t\t\t\t\t<div class=\"elementor-widget-wrap\">\n\t\t\t\t\t\t\t\t<\/div>\n\t\t\t\t\t<\/div>\n\t\t<\/div>\n\t\t\t\t<div class=\"elementor-column elementor-col-50 elementor-inner-column elementor-element elementor-element-846ebb8\" data-id=\"846ebb8\" data-element_type=\"column\">\n\t\t\t<div class=\"elementor-column-wrap elementor-element-populated\">\n\t\t\t\t\t\t\t<div class=\"elementor-widget-wrap\">\n\t\t\t\t\t\t<div class=\"elementor-element elementor-element-fd4c80d elementor-widget elementor-widget-heading\" data-id=\"fd4c80d\" data-element_type=\"widget\" data-widget_type=\"heading.default\">\n\t\t\t\t<div class=\"elementor-widget-container\">\n\t\t\t<h2 class=\"elementor-heading-title elementor-size-default\">Peter Kla\u010dman<\/h2>\t\t<\/div>\n\t\t\t\t<\/div>\n\t\t\t\t<div class=\"elementor-element elementor-element-974871d elementor-widget elementor-widget-heading\" data-id=\"974871d\" data-element_type=\"widget\" data-widget_type=\"heading.default\">\n\t\t\t\t<div class=\"elementor-widget-container\">\n\t\t\t<h4 class=\"elementor-heading-title elementor-size-default\">managing partner<\/h4>\t\t<\/div>\n\t\t\t\t<\/div>\n\t\t\t\t<div class=\"elementor-element elementor-element-6b2f069 elementor-widget elementor-widget-text-editor\" data-id=\"6b2f069\" data-element_type=\"widget\" data-widget_type=\"text-editor.default\">\n\t\t\t\t<div class=\"elementor-widget-container\">\n\t\t\t\t\t\t\t\t<div class=\"elementor-text-editor elementor-clearfix\">\n\t\t\t\t\t<p>Peter pracuje v BF ako partner a je jedn\u00fdm zo zakladate\u013eov spolo\u010dnosti. Jeho pracovn\u00e1 kari\u00e9ra za\u010dala v investi\u010dnom fonde IF Par\u00ed\u017e, kde poskytoval produkty finan\u010dn\u00e9ho a kapit\u00e1lov\u00e9ho trhu a vo finan\u010dnej skupine Finservis so\u00a0 odpovednos\u0165ou za finan\u010dn\u00e9 produkty. Pred vznikom BF, pracoval ako finan\u010dn\u00fd poradca v Tatra Raiffeisen Capital v r\u00e1mci bankovej skupiny Raiffeisen Banking Group, kde zodpovedal za finan\u010dn\u00e9 produkty a \u0161trukt\u00farovanie finan\u010dn\u00fdch transakci\u00ed klientov. Peter pracoval taktie\u017e v Tatrabanke na oddelen\u00ed kapit\u00e1lov\u00e9ho trhu. Peter z\u00edskal titul in\u017einiera na Ekonomickej univerzite v Bratislave.<\/p>\t\t\t\t\t<\/div>\n\t\t\t\t\t\t<\/div>\n\t\t\t\t<\/div>\n\t\t\t\t\t\t<\/div>\n\t\t\t\t\t<\/div>\n\t\t<\/div>\n\t\t\t\t\t\t\t\t<\/div>\n\t\t\t\t\t<\/div>\n\t\t<\/section>\n\t\t\t\t\t\t<\/div>\n\t\t\t\t\t<\/div>\n\t\t<\/div>\n\t\t\t\t\t\t\t\t<\/div>\n\t\t\t\t\t<\/div>\n\t\t<\/section>\n\t\t\t\t<section class=\"elementor-section elementor-top-section elementor-element elementor-element-692c13f elementor-section-boxed elementor-section-height-default elementor-section-height-default\" data-id=\"692c13f\" data-element_type=\"section\">\n\t\t\t\t\t\t<div class=\"elementor-container elementor-column-gap-default\">\n\t\t\t\t\t\t\t<div class=\"elementor-row\">\n\t\t\t\t\t<div class=\"elementor-column elementor-col-100 elementor-top-column elementor-element elementor-element-7a625e2\" data-id=\"7a625e2\" data-element_type=\"column\">\n\t\t\t<div class=\"elementor-column-wrap elementor-element-populated\">\n\t\t\t\t\t\t\t<div class=\"elementor-widget-wrap\">\n\t\t\t\t\t\t<section class=\"elementor-section elementor-inner-section elementor-element elementor-element-33cd4a4 elementor-section-boxed elementor-section-height-default elementor-section-height-default\" data-id=\"33cd4a4\" data-element_type=\"section\">\n\t\t\t\t\t\t<div class=\"elementor-container elementor-column-gap-default\">\n\t\t\t\t\t\t\t<div class=\"elementor-row\">\n\t\t\t\t\t<div class=\"elementor-column elementor-col-50 elementor-inner-column elementor-element elementor-element-23844ed\" data-id=\"23844ed\" data-element_type=\"column\">\n\t\t\t<div class=\"elementor-column-wrap\">\n\t\t\t\t\t\t\t<div class=\"elementor-widget-wrap\">\n\t\t\t\t\t\t\t\t<\/div>\n\t\t\t\t\t<\/div>\n\t\t<\/div>\n\t\t\t\t<div class=\"elementor-column elementor-col-50 elementor-inner-column elementor-element elementor-element-087b991\" data-id=\"087b991\" data-element_type=\"column\">\n\t\t\t<div class=\"elementor-column-wrap elementor-element-populated\">\n\t\t\t\t\t\t\t<div class=\"elementor-widget-wrap\">\n\t\t\t\t\t\t<div class=\"elementor-element elementor-element-4e04cdc elementor-widget elementor-widget-heading\" data-id=\"4e04cdc\" data-element_type=\"widget\" data-widget_type=\"heading.default\">\n\t\t\t\t<div class=\"elementor-widget-container\">\n\t\t\t<h2 class=\"elementor-heading-title elementor-size-default\">Tom\u00e1\u0161 Bielick\u00fd<\/h2>\t\t<\/div>\n\t\t\t\t<\/div>\n\t\t\t\t<div class=\"elementor-element elementor-element-e3fac54 elementor-widget elementor-widget-heading\" data-id=\"e3fac54\" data-element_type=\"widget\" data-widget_type=\"heading.default\">\n\t\t\t\t<div class=\"elementor-widget-container\">\n\t\t\t<h4 class=\"elementor-heading-title elementor-size-default\">corporate finance manager<\/h4>\t\t<\/div>\n\t\t\t\t<\/div>\n\t\t\t\t<div class=\"elementor-element elementor-element-41efbfd elementor-widget elementor-widget-text-editor\" data-id=\"41efbfd\" data-element_type=\"widget\" data-widget_type=\"text-editor.default\">\n\t\t\t\t<div class=\"elementor-widget-container\">\n\t\t\t\t\t\t\t\t<div class=\"elementor-text-editor elementor-clearfix\">\n\t\t\t\t\t<p>Tom\u00e1\u0161 vy\u0161tudoval Fakultu managementu a Filozofick\u00fa fakultu Univerzity Komensk\u00e9ho v Bratislave. Pracoval pre poradensk\u00fa spolo\u010dnos\u0165 RSM Tacoma ako konzultant na oddelen\u00ed valu\u00e1ci\u00ed, kde sa z\u00fa\u010dast\u0148oval projektov oce\u0148ovania spolo\u010dnost\u00ed MECOM GROUP, Mets\u00e4 Tissue, GTS, Arcelor Mittal Ostrava, Liptovsk\u00e1 mliekare\u0148 a mnoh\u00fdch \u010fal\u0161\u00edch, ako aj developersk\u00fdch projektov ako J\u00e9geho alej \u010di Slne\u010dnice. Nesk\u00f4r pracoval pre spolo\u010dnos\u0165 Slovnaft na oddelen\u00ed pl\u00e1novania a kontrolingu. Tom\u00e1\u0161 hovor\u00ed anglicky, nemecky a \u010desky.<\/p>\t\t\t\t\t<\/div>\n\t\t\t\t\t\t<\/div>\n\t\t\t\t<\/div>\n\t\t\t\t\t\t<\/div>\n\t\t\t\t\t<\/div>\n\t\t<\/div>\n\t\t\t\t\t\t\t\t<\/div>\n\t\t\t\t\t<\/div>\n\t\t<\/section>\n\t\t\t\t\t\t<\/div>\n\t\t\t\t\t<\/div>\n\t\t<\/div>\n\t\t\t\t\t\t\t\t<\/div>\n\t\t\t\t\t<\/div>\n\t\t<\/section>\n\t\t\t\t\t\t<\/div>\n\t\t\t\t\t\t<\/div>\n\t\t\t\t\t<\/div>\n\t\t","protected":false},"excerpt":{"rendered":"<p>Peter Kla\u010dman managing partner Peter pracuje v BF ako partner a je jedn\u00fdm zo zakladate\u013eov spolo\u010dnosti. Jeho pracovn\u00e1 kari\u00e9ra za\u010dala v investi\u010dnom fonde IF Par\u00ed\u017e, kde poskytoval produkty finan\u010dn\u00e9ho a kapit\u00e1lov\u00e9ho trhu a vo finan\u010dnej skupine Finservis so\u00a0 odpovednos\u0165ou za finan\u010dn\u00e9 produkty. Pred vznikom BF, pracoval ako finan\u010dn\u00fd poradca v Tatra Raiffeisen Capital v r\u00e1mci [&hellip;]<\/p>\n","protected":false},"author":1,"featured_media":0,"parent":0,"menu_order":0,"comment_status":"closed","ping_status":"closed","template":"page-templates\/no-sidebar.php","meta":[],"cb_excerpt":"Peter Kla\u010dman managing partner Peter pracuje v BF ako partner a je jedn\u00fdm zo zakladate\u013eov spolo\u010dnosti. Jeho pracovn\u00e1 kari\u00e9ra za\u010dala v investi\u010dnom fonde IF Par\u00ed\u017e, kde poskytoval produkty finan\u010dn\u00e9ho a kapit\u00e1lov\u00e9ho trhu a vo finan\u010dnej skupine Finservis so\u00a0 odpovednos\u0165ou za finan\u010dn\u00e9 produkty. Pred vznikom BF, pracoval ako finan\u010dn\u00fd poradca v Tatra Raiffeisen Capital v r\u00e1mci bankovej skupiny Raiffeisen Banking Group, [&hellip;]","_links":{"self":[{"href":"https:\/\/benefit-finance.sk\/index.php\/wp-json\/wp\/v2\/pages\/134"}],"collection":[{"href":"https:\/\/benefit-finance.sk\/index.php\/wp-json\/wp\/v2\/pages"}],"about":[{"href":"https:\/\/benefit-finance.sk\/index.php\/wp-json\/wp\/v2\/types\/page"}],"author":[{"embeddable":true,"href":"https:\/\/benefit-finance.sk\/index.php\/wp-json\/wp\/v2\/users\/1"}],"replies":[{"embeddable":true,"href":"https:\/\/benefit-finance.sk\/index.php\/wp-json\/wp\/v2\/comments?post=134"}],"version-history":[{"count":21,"href":"https:\/\/benefit-finance.sk\/index.php\/wp-json\/wp\/v2\/pages\/134\/revisions"}],"predecessor-version":[{"id":168,"href":"https:\/\/benefit-finance.sk\/index.php\/wp-json\/wp\/v2\/pages\/134\/revisions\/168"}],"wp:attachment":[{"href":"https:\/\/benefit-finance.sk\/index.php\/wp-json\/wp\/v2\/media?parent=134"}],"curies":[{"name":"wp","href":"https:\/\/api.w.org\/{rel}","templated":true}]}}